{"id":14937,"date":"2020-08-05T10:02:05","date_gmt":"2020-08-05T10:02:05","guid":{"rendered":"http:\/\/cushmanwakefield.life365.rs\/?page_id=14937"},"modified":"2021-05-20T08:38:52","modified_gmt":"2021-05-20T08:38:52","slug":"politika-kolacica","status":"publish","type":"page","link":"https:\/\/cw-cbs.hr\/en\/politika-kolacica","title":{"rendered":"Cookie policy"},"content":{"rendered":"<p><\/p>\n<div class=\"font-0-8-rem\">\n<p class=\"font-weight-bold font-1-1-rem\">CBS International Cookies Policy<\/p>\n<p class=\"font-0-9-rem font-weight-bold\">COOKIE POLICY<\/p>\n<p>This website is operated by CBS International, on behalf of ourselves and our group companies (&#8220;CBS&#8221;, &#8220;we&#8221;, &#8220;our&#8221; or &#8220;us&#8221;).<\/p>\n<p>This Cookies Policy is incorporated into and part of the Privacy Policy. The Privacy Policy is in turn incorporated into and part of the Terms of Use that govern your access to and use of this website, including any content and services offered on or through this website (the &#8220;Website&#8221;). By using the Website, you agree to be bound by our Privacy Policy, including this Cookies Policy, and the Terms of Use.<\/p>\n<p><span class=\"font-weight-bold\">What is a cookie?<\/span><br \/>\nCookies are small text files placed on your computer and are commonly used on the internet. There are various types of cookies which perform different functions, such as analyzing a user&#8217;s browsing behavior or recording a user&#8217;s navigation of a website so that when a user revisits that site, the site owner can present tailored options to the user based on the stored information about previous visits.<\/p>\n<p>We use cookies to implement and remember user preferences and also to monitor site user traffic and usage. This helps use to understand how visitors use our Website so that we can develop and improve the design, layout and functionality of the Website.<\/p>\n<p><span class=\"font-weight-bold\">Cookies set by WordPress.org<\/span><br \/>\nWe use cookies for a number of different purposes. Some cookies are necessary for technical reasons; some enable a personalized experience for both visitors and registered users; and some allow the display of advertising from selected third party networks. Some of these cookies may be set when a page is loaded, or when a visitor takes a particular action (clicking the \u2018like\u2019 or \u2018follow\u2019 button on a post, for example).<\/p>\n<p>The different categories of cookies set by WordPress.org are outlined below.<br \/>\n<span class=\"font-weight-bold\">Strictly Necessary:<\/span> These are the cookies that are essential for WordPress.org to perform basic functions. These include those required to allow registered users to authenticate and perform account related functions.<br \/>\n<span class=\"font-weight-bold\">Functionality:<\/span> These cookies are used to store preferences set by users such as account name, language, and location.<br \/>\n<span class=\"font-weight-bold\">Performance:<\/span> Performance cookies collect information on how users interact with websites hosted on WordPress.org, including what pages are visited most, as well as other analytical data. These details are only used to improve how the website functions.<br \/>\n<span class=\"font-weight-bold\">Tracking:<\/span> These are set by trusted third party networks (e.g. Google Analytics) to track details such as the number of unique visitors, and pageviews to help improve the user experience.<br \/>\n<span class=\"font-weight-bold\">Third Party\/Embedded Content:<\/span> WordPress.org makes use of different third-party applications and services to enhance the experience of website visitors. These include social media platforms such as Facebook and Twitter (through the use of sharing buttons), or embedded content from YouTube and Vimeo. As a result, cookies may be set by these third parties, and used by them to track your online activity. We have no direct control over the information that is collected by these cookies.<\/p>\n<p>The CBS International web site is using following set of cookies:<\/p>\n<p><span class=\"font-weight-bold\">Accepting or rejecting cookies<\/span><br \/>\nMost web browsers will accept cookies, but if you would prefer that we did not collect data by this method, you can disable this function within your browser settings. If you want to delete any cookies that are already on your computer, please refer to the instructions for your web browser software to delete cookies and disable their use. Please note that if you disable cookies, the Website functionality may be impaired and you may not be able to access certain areas or features of our site.<\/p>\n<p>For more information about cookies, including further information about deleting or disabling cookies, please visit: <br \/>www.allaboutcookies.org Some specific opt-out programs are available here: Google Analytics &#8211; https:\/\/tools.google.com\/dlpage\/gaoptout<\/p>\n<p>This policy may be updated from time to time.<\/p>\n<p>If you have any questions about CBS International Cookies Policy, please send an email to <a href=\"mailto:office@cw-cbs.hr?Subject=Pozdrav%20CBS\">office@cw-cbs.hr<\/a>.<\/p>\n<\/div>\n<div class=\"row no-gutters col-12\"><img loading=\"lazy\" decoding=\"async\" src=\"\/wp-content\/uploads\/2021\/05\/CokiesPolicyList.jpg\" alt=\"\" width=\"689\" height=\"389\" class=\"alignnone size-full wp-image-1244\" \/><\/div>\n<p><\/p>","protected":false},"excerpt":{"rendered":"<div class=\"card-text mb-3 rich-text\">CBS International Cookies Policy COOKIE POLICY This website is operated by CBS International, on behalf of ourselves and our group&hellip;<\/div><a href=\"https:\/\/cw-cbs.hr\/en\/politika-kolacica\" class=\"btn btn-secondary btn-no-radius btn-block\">Learn More<\/a>.","protected":false},"author":1,"featured_media":0,"parent":0,"menu_order":0,"comment_status":"closed","ping_status":"closed","template":"page-templates\/policy_page.php","meta":{"_monsterinsights_skip_tracking":false,"_monsterinsights_sitenote_active":false,"_monsterinsights_sitenote_note":"","_monsterinsights_sitenote_category":0,"footnotes":""},"class_list":["post-14937","page","type-page","status-publish","hentry"],"yoast_head":"<!-- This site is optimized with the Yoast SEO Premium plugin v21.5 (Yoast SEO v21.5) - https:\/\/yoast.com\/wordpress\/plugins\/seo\/ -->\n<title>Cookie policy - CBS International, part of Cushman &amp; Wakefield group<\/title>\n<meta name=\"robots\" content=\"index, follow, max-snippet:-1, max-image-preview:large, max-video-preview:-1\" \/>\n<link rel=\"canonical\" href=\"https:\/\/cw-cbs.hr\/politika-kolacica\/\" \/>\n<meta property=\"og:locale\" content=\"en_US\" \/>\n<meta property=\"og:type\" content=\"article\" \/>\n<meta property=\"og:title\" content=\"[:hr]POLITIKA KOLA\u010cI\u0106A[:en]Cookie policy[:sr]Politika kola\u010di\u0107a[:]\" \/>\n<meta property=\"og:description\" content=\"CBS International Cookies Policy COOKIE POLICY This website is operated by CBS International, on behalf of ourselves and our group companies (&#8220;CBS&#8221;, &#8220;we&#8221;, &#8220;our&#8221; or &#8220;us&#8221;). This Cookies Policy is incorporated into and part of the Privacy Policy. The Privacy Policy is in turn incorporated into and part of the Terms of Use that govern [...]Read More...\" \/>\n<meta property=\"og:url\" content=\"https:\/\/cw-cbs.hr\/politika-kolacica\/\" \/>\n<meta property=\"og:site_name\" content=\"CBS International, part of Cushman &amp; Wakefield group\" \/>\n<meta property=\"article:publisher\" content=\"https:\/\/www.facebook.com\/CBSInternationalCroatia\/?modal=admin_todo_tour\" \/>\n<meta property=\"article:modified_time\" content=\"2021-05-20T08:38:52+00:00\" \/>\n<meta property=\"og:image\" content=\"https:\/\/cw-cbs.rs\/wp-content\/uploads\/2019\/07\/coockies_img.jpg\" \/>\n<meta name=\"twitter:card\" content=\"summary_large_image\" \/>\n<meta name=\"twitter:label1\" content=\"Est. reading time\" \/>\n\t<meta name=\"twitter:data1\" content=\"11 minutes\" \/>\n<script type=\"application\/ld+json\" class=\"yoast-schema-graph\">{\"@context\":\"https:\/\/schema.org\",\"@graph\":[{\"@type\":\"WebPage\",\"@id\":\"https:\/\/cw-cbs.hr\/politika-kolacica\/\",\"url\":\"https:\/\/cw-cbs.hr\/politika-kolacica\/\",\"name\":\"[:hr]POLITIKA KOLA\u010cI\u0106A[:en]Cookie policy[:sr]Politika kola\u010di\u0107a[:] - CBS International, part of Cushman &amp; Wakefield group\",\"isPartOf\":{\"@id\":\"https:\/\/cw-cbs.hr\/#website\"},\"datePublished\":\"2020-08-05T10:02:05+00:00\",\"dateModified\":\"2021-05-20T08:38:52+00:00\",\"breadcrumb\":{\"@id\":\"https:\/\/cw-cbs.hr\/politika-kolacica\/#breadcrumb\"},\"inLanguage\":\"en-US\",\"potentialAction\":[{\"@type\":\"ReadAction\",\"target\":[\"https:\/\/cw-cbs.hr\/politika-kolacica\/\"]}]},{\"@type\":\"BreadcrumbList\",\"@id\":\"https:\/\/cw-cbs.hr\/politika-kolacica\/#breadcrumb\",\"itemListElement\":[{\"@type\":\"ListItem\",\"position\":1,\"name\":\"Po\u010detna stranica\",\"item\":\"https:\/\/cw-cbs.hr\/\"},{\"@type\":\"ListItem\",\"position\":2,\"name\":\"POLITIKA KOLA\u010cI\u0106A\"}]},{\"@type\":\"WebSite\",\"@id\":\"https:\/\/cw-cbs.hr\/#website\",\"url\":\"https:\/\/cw-cbs.hr\/\",\"name\":\"Cushman & Wakefield\",\"description\":\"Cushman&amp;Wakefield CBS International\",\"publisher\":{\"@id\":\"https:\/\/cw-cbs.hr\/#organization\"},\"potentialAction\":[{\"@type\":\"SearchAction\",\"target\":{\"@type\":\"EntryPoint\",\"urlTemplate\":\"https:\/\/cw-cbs.hr\/?s={search_term_string}\"},\"query-input\":\"required name=search_term_string\"}],\"inLanguage\":\"en-US\"},{\"@type\":\"Organization\",\"@id\":\"https:\/\/cw-cbs.hr\/#organization\",\"name\":\"Cushman & Wakefield\",\"url\":\"https:\/\/cw-cbs.hr\/\",\"logo\":{\"@type\":\"ImageObject\",\"inLanguage\":\"en-US\",\"@id\":\"https:\/\/cw-cbs.hr\/#\/schema\/logo\/image\/\",\"url\":\"https:\/\/cw-cbs.hr\/wp-content\/uploads\/2023\/11\/CW_CBS.jpg\",\"contentUrl\":\"https:\/\/cw-cbs.hr\/wp-content\/uploads\/2023\/11\/CW_CBS.jpg\",\"width\":500,\"height\":500,\"caption\":\"Cushman & Wakefield\"},\"image\":{\"@id\":\"https:\/\/cw-cbs.hr\/#\/schema\/logo\/image\/\"},\"sameAs\":[\"https:\/\/www.facebook.com\/CBSInternationalCroatia\/?modal=admin_todo_tour\",\"https:\/\/www.linkedin.com\/company\/cbs-international-croatia\/\",\"https:\/\/www.instagram.com\/cw_cbs.croatia\/\"]}]}<\/script>\n<!-- \/ Yoast SEO Premium plugin. -->","yoast_head_json":{"title":"[:hr]POLITIKA KOLA\u010cI\u0106A[:en]Cookie policy[:sr]Politika kola\u010di\u0107a[:] - CBS International, part of Cushman &amp; Wakefield group","robots":{"index":"index","follow":"follow","max-snippet":"max-snippet:-1","max-image-preview":"max-image-preview:large","max-video-preview":"max-video-preview:-1"},"canonical":"https:\/\/cw-cbs.hr\/politika-kolacica\/","og_locale":"en_US","og_type":"article","og_title":"[:hr]POLITIKA KOLA\u010cI\u0106A[:en]Cookie policy[:sr]Politika kola\u010di\u0107a[:]","og_description":"CBS International Cookies Policy COOKIE POLICY This website is operated by CBS International, on behalf of ourselves and our group companies (&#8220;CBS&#8221;, &#8220;we&#8221;, &#8220;our&#8221; or &#8220;us&#8221;). This Cookies Policy is incorporated into and part of the Privacy Policy. The Privacy Policy is in turn incorporated into and part of the Terms of Use that govern [...]Read More...","og_url":"https:\/\/cw-cbs.hr\/politika-kolacica\/","og_site_name":"CBS International, part of Cushman &amp; Wakefield group","article_publisher":"https:\/\/www.facebook.com\/CBSInternationalCroatia\/?modal=admin_todo_tour","article_modified_time":"2021-05-20T08:38:52+00:00","og_image":[{"url":"https:\/\/cw-cbs.rs\/wp-content\/uploads\/2019\/07\/coockies_img.jpg"}],"twitter_card":"summary_large_image","twitter_misc":{"Est. reading time":"11 minutes"},"schema":{"@context":"https:\/\/schema.org","@graph":[{"@type":"WebPage","@id":"https:\/\/cw-cbs.hr\/politika-kolacica\/","url":"https:\/\/cw-cbs.hr\/politika-kolacica\/","name":"[:hr]POLITIKA KOLA\u010cI\u0106A[:en]Cookie policy[:sr]Politika kola\u010di\u0107a[:] - CBS International, part of Cushman &amp; Wakefield group","isPartOf":{"@id":"https:\/\/cw-cbs.hr\/#website"},"datePublished":"2020-08-05T10:02:05+00:00","dateModified":"2021-05-20T08:38:52+00:00","breadcrumb":{"@id":"https:\/\/cw-cbs.hr\/politika-kolacica\/#breadcrumb"},"inLanguage":"en-US","potentialAction":[{"@type":"ReadAction","target":["https:\/\/cw-cbs.hr\/politika-kolacica\/"]}]},{"@type":"BreadcrumbList","@id":"https:\/\/cw-cbs.hr\/politika-kolacica\/#breadcrumb","itemListElement":[{"@type":"ListItem","position":1,"name":"Po\u010detna stranica","item":"https:\/\/cw-cbs.hr\/"},{"@type":"ListItem","position":2,"name":"POLITIKA KOLA\u010cI\u0106A"}]},{"@type":"WebSite","@id":"https:\/\/cw-cbs.hr\/#website","url":"https:\/\/cw-cbs.hr\/","name":"Cushman & Wakefield","description":"Cushman&amp;Wakefield CBS International","publisher":{"@id":"https:\/\/cw-cbs.hr\/#organization"},"potentialAction":[{"@type":"SearchAction","target":{"@type":"EntryPoint","urlTemplate":"https:\/\/cw-cbs.hr\/?s={search_term_string}"},"query-input":"required name=search_term_string"}],"inLanguage":"en-US"},{"@type":"Organization","@id":"https:\/\/cw-cbs.hr\/#organization","name":"Cushman & Wakefield","url":"https:\/\/cw-cbs.hr\/","logo":{"@type":"ImageObject","inLanguage":"en-US","@id":"https:\/\/cw-cbs.hr\/#\/schema\/logo\/image\/","url":"https:\/\/cw-cbs.hr\/wp-content\/uploads\/2023\/11\/CW_CBS.jpg","contentUrl":"https:\/\/cw-cbs.hr\/wp-content\/uploads\/2023\/11\/CW_CBS.jpg","width":500,"height":500,"caption":"Cushman & Wakefield"},"image":{"@id":"https:\/\/cw-cbs.hr\/#\/schema\/logo\/image\/"},"sameAs":["https:\/\/www.facebook.com\/CBSInternationalCroatia\/?modal=admin_todo_tour","https:\/\/www.linkedin.com\/company\/cbs-international-croatia\/","https:\/\/www.instagram.com\/cw_cbs.croatia\/"]}]}},"_links":{"self":[{"href":"https:\/\/cw-cbs.hr\/en\/wp-json\/wp\/v2\/pages\/14937","targetHints":{"allow":["GET"]}}],"collection":[{"href":"https:\/\/cw-cbs.hr\/en\/wp-json\/wp\/v2\/pages"}],"about":[{"href":"https:\/\/cw-cbs.hr\/en\/wp-json\/wp\/v2\/types\/page"}],"author":[{"embeddable":true,"href":"https:\/\/cw-cbs.hr\/en\/wp-json\/wp\/v2\/users\/1"}],"replies":[{"embeddable":true,"href":"https:\/\/cw-cbs.hr\/en\/wp-json\/wp\/v2\/comments?post=14937"}],"version-history":[{"count":6,"href":"https:\/\/cw-cbs.hr\/en\/wp-json\/wp\/v2\/pages\/14937\/revisions"}],"predecessor-version":[{"id":20865,"href":"https:\/\/cw-cbs.hr\/en\/wp-json\/wp\/v2\/pages\/14937\/revisions\/20865"}],"wp:attachment":[{"href":"https:\/\/cw-cbs.hr\/en\/wp-json\/wp\/v2\/media?parent=14937"}],"curies":[{"name":"wp","href":"https:\/\/api.w.org\/{rel}","templated":true}]}}